{"id":187,"date":"2023-05-14T13:54:56","date_gmt":"2023-05-14T13:54:56","guid":{"rendered":"https:\/\/opnypsa.staging.ipardigital.com\/?page_id=187"},"modified":"2024-10-31T11:00:58","modified_gmt":"2024-10-31T11:00:58","slug":"galeria","status":"publish","type":"page","link":"https:\/\/opnypsa.com\/eus\/galeria\/","title":{"rendered":"Galeria"},"content":{"rendered":"<div data-elementor-type=\"wp-page\" data-elementor-id=\"187\" class=\"elementor elementor-187\" data-elementor-post-type=\"page\">\n\t\t\t\t\t\t<section class=\"elementor-section elementor-top-section elementor-element elementor-element-203a333f elementor-section-boxed elementor-section-height-default elementor-section-height-default\" data-id=\"203a333f\" data-element_type=\"section\" data-e-type=\"section\">\n\t\t\t\t\t\t<div class=\"elementor-container elementor-column-gap-no\">\n\t\t\t\t\t<div class=\"elementor-column elementor-col-100 elementor-top-column elementor-element elementor-element-6a009901\" data-id=\"6a009901\" data-element_type=\"column\" data-e-type=\"column\">\n\t\t\t<div class=\"elementor-widget-wrap elementor-element-populated\">\n\t\t\t\t\t\t<div class=\"elementor-element elementor-element-79d62277 elementor-widget elementor-widget-heading\" data-id=\"79d62277\" data-element_type=\"widget\" data-e-type=\"widget\" data-widget_type=\"heading.default\">\n\t\t\t\t<div class=\"elementor-widget-container\">\n\t\t\t\t\t<h1 class=\"elementor-heading-title elementor-size-default\">Nuestros proyectos<\/h1>\t\t\t\t<\/div>\n\t\t\t\t<\/div>\n\t\t\t\t<div class=\"elementor-element elementor-element-332750f9 elementor-widget elementor-widget-text-editor\" data-id=\"332750f9\" data-element_type=\"widget\" data-e-type=\"widget\" data-widget_type=\"text-editor.default\">\n\t\t\t\t<div class=\"elementor-widget-container\">\n\t\t\t\t\t\t\t\t\t<p>Hemen egiten dugunaren lagin bat eta lanean aritu garen proiektu batzuen lagin bat eskaintzen dizuegu.<\/p>\t\t\t\t\t\t\t\t<\/div>\n\t\t\t\t<\/div>\n\t\t\t\t\t<\/div>\n\t\t<\/div>\n\t\t\t\t\t<\/div>\n\t\t<\/section>\n\t\t\t\t<section class=\"elementor-section elementor-top-section elementor-element elementor-element-ffc1d0e elementor-section-full_width elementor-section-height-default elementor-section-height-default\" data-id=\"ffc1d0e\" data-element_type=\"section\" data-e-type=\"section\">\n\t\t\t\t\t\t<div class=\"elementor-container elementor-column-gap-no\">\n\t\t\t\t\t<div class=\"elementor-column elementor-col-100 elementor-top-column elementor-element elementor-element-4656d544\" data-id=\"4656d544\" data-element_type=\"column\" data-e-type=\"column\">\n\t\t\t<div class=\"elementor-widget-wrap elementor-element-populated\">\n\t\t\t\t\t\t<div class=\"elementor-element elementor-element-76ada6d elementor-posts--align-left elementor-grid-3 elementor-grid-tablet-2 elementor-grid-mobile-1 elementor-posts--thumbnail-top elementor-widget elementor-widget-posts\" data-id=\"76ada6d\" data-element_type=\"widget\" data-e-type=\"widget\" data-settings=\"{&quot;classic_row_gap&quot;:{&quot;unit&quot;:&quot;px&quot;,&quot;size&quot;:30,&quot;sizes&quot;:[]},&quot;classic_columns&quot;:&quot;3&quot;,&quot;classic_columns_tablet&quot;:&quot;2&quot;,&quot;classic_columns_mobile&quot;:&quot;1&quot;,&quot;classic_row_gap_tablet&quot;:{&quot;unit&quot;:&quot;px&quot;,&quot;size&quot;:&quot;&quot;,&quot;sizes&quot;:[]},&quot;classic_row_gap_mobile&quot;:{&quot;unit&quot;:&quot;px&quot;,&quot;size&quot;:&quot;&quot;,&quot;sizes&quot;:[]}}\" data-widget_type=\"posts.classic\">\n\t\t\t\t<div class=\"elementor-widget-container\">\n\t\t\t\t\t\t\t<div class=\"elementor-posts-container elementor-posts elementor-posts--skin-classic elementor-grid\" role=\"list\">\n\t\t\t\t<article class=\"elementor-post elementor-grid-item post-1080 post type-post status-publish format-standard has-post-thumbnail hentry category-proyectos\" role=\"listitem\">\n\t\t\t\t<a class=\"elementor-post__thumbnail__link\" href=\"https:\/\/opnypsa.com\/eus\/mejora-de-caminos-y-accesos-en-basalde\/\" tabindex=\"-1\" >\n\t\t\t<div class=\"elementor-post__thumbnail\"><img fetchpriority=\"high\" decoding=\"async\" width=\"300\" height=\"300\" src=\"https:\/\/opnypsa.com\/wp-content\/uploads\/2026\/03\/carreteras-13-300x300.png\" class=\"attachment-medium size-medium wp-image-1081\" alt=\"mejora de caminos y accesos\" srcset=\"https:\/\/opnypsa.com\/wp-content\/uploads\/2026\/03\/carreteras-13-300x300.png 300w, https:\/\/opnypsa.com\/wp-content\/uploads\/2026\/03\/carreteras-13-1024x1024.png 1024w, https:\/\/opnypsa.com\/wp-content\/uploads\/2026\/03\/carreteras-13-150x150.png 150w, https:\/\/opnypsa.com\/wp-content\/uploads\/2026\/03\/carreteras-13-768x768.png 768w, https:\/\/opnypsa.com\/wp-content\/uploads\/2026\/03\/carreteras-13-12x12.png 12w, https:\/\/opnypsa.com\/wp-content\/uploads\/2026\/03\/carreteras-13.png 1080w\" sizes=\"(max-width: 300px) 100vw, 300px\" \/><\/div>\n\t\t<\/a>\n\t\t\t\t<div class=\"elementor-post__text\">\n\t\t\t\t<h3 class=\"elementor-post__title\">\n\t\t\t<a href=\"https:\/\/opnypsa.com\/eus\/mejora-de-caminos-y-accesos-en-basalde\/\" >\n\t\t\t\tConservaci\u00f3n y mejora de caminos y accesos en el Centro de Empresas Basalde en Vitoria-Gasteiz\t\t\t<\/a>\n\t\t<\/h3>\n\t\t\n\t\t<a class=\"elementor-post__read-more\" href=\"https:\/\/opnypsa.com\/eus\/mejora-de-caminos-y-accesos-en-basalde\/\" aria-label=\"Read more about Conservaci\u00f3n y mejora de caminos y accesos en el Centro de Empresas Basalde en Vitoria-Gasteiz\" tabindex=\"-1\" >\n\t\t\tSaber m\u00e1s sobre este proyecto \u00bb\t\t<\/a>\n\n\t\t\t\t<\/div>\n\t\t\t\t<\/article>\n\t\t\t\t<article class=\"elementor-post elementor-grid-item post-1055 post type-post status-publish format-standard has-post-thumbnail hentry category-proyectos\" role=\"listitem\">\n\t\t\t\t<a class=\"elementor-post__thumbnail__link\" href=\"https:\/\/opnypsa.com\/eus\/investigacion-en-pirolisis-de-caucho\/\" tabindex=\"-1\" >\n\t\t\t<div class=\"elementor-post__thumbnail\"><img decoding=\"async\" width=\"300\" height=\"300\" src=\"https:\/\/opnypsa.com\/wp-content\/uploads\/2026\/01\/carreteras-20-300x300.png\" class=\"attachment-medium size-medium wp-image-1056\" alt=\"\" srcset=\"https:\/\/opnypsa.com\/wp-content\/uploads\/2026\/01\/carreteras-20-300x300.png 300w, https:\/\/opnypsa.com\/wp-content\/uploads\/2026\/01\/carreteras-20-1024x1024.png 1024w, https:\/\/opnypsa.com\/wp-content\/uploads\/2026\/01\/carreteras-20-150x150.png 150w, https:\/\/opnypsa.com\/wp-content\/uploads\/2026\/01\/carreteras-20-768x768.png 768w, https:\/\/opnypsa.com\/wp-content\/uploads\/2026\/01\/carreteras-20-12x12.png 12w, https:\/\/opnypsa.com\/wp-content\/uploads\/2026\/01\/carreteras-20.png 1080w\" sizes=\"(max-width: 300px) 100vw, 300px\" \/><\/div>\n\t\t<\/a>\n\t\t\t\t<div class=\"elementor-post__text\">\n\t\t\t\t<h3 class=\"elementor-post__title\">\n\t\t\t<a href=\"https:\/\/opnypsa.com\/eus\/investigacion-en-pirolisis-de-caucho\/\" >\n\t\t\t\tInvestigaci\u00f3n industrial en pir\u00f3lisis de caucho: proyecto RECICA (Hazitek 2026, a\u00f1o 2)\t\t\t<\/a>\n\t\t<\/h3>\n\t\t\n\t\t<a class=\"elementor-post__read-more\" href=\"https:\/\/opnypsa.com\/eus\/investigacion-en-pirolisis-de-caucho\/\" aria-label=\"Read more about Investigaci\u00f3n industrial en pir\u00f3lisis de caucho: proyecto RECICA (Hazitek 2026, a\u00f1o 2)\" tabindex=\"-1\" >\n\t\t\tSaber m\u00e1s sobre este proyecto \u00bb\t\t<\/a>\n\n\t\t\t\t<\/div>\n\t\t\t\t<\/article>\n\t\t\t\t<article class=\"elementor-post elementor-grid-item post-1052 post type-post status-publish format-standard has-post-thumbnail hentry category-proyectos\" role=\"listitem\">\n\t\t\t\t<a class=\"elementor-post__thumbnail__link\" href=\"https:\/\/opnypsa.com\/eus\/reciclaje-quimico-de-residuos-plasticos-en-euskadi\/\" tabindex=\"-1\" >\n\t\t\t<div class=\"elementor-post__thumbnail\"><img decoding=\"async\" width=\"300\" height=\"300\" src=\"https:\/\/opnypsa.com\/wp-content\/uploads\/2026\/01\/carreteras-19-300x300.png\" class=\"attachment-medium size-medium wp-image-1053\" alt=\"\" srcset=\"https:\/\/opnypsa.com\/wp-content\/uploads\/2026\/01\/carreteras-19-300x300.png 300w, https:\/\/opnypsa.com\/wp-content\/uploads\/2026\/01\/carreteras-19-1024x1024.png 1024w, https:\/\/opnypsa.com\/wp-content\/uploads\/2026\/01\/carreteras-19-150x150.png 150w, https:\/\/opnypsa.com\/wp-content\/uploads\/2026\/01\/carreteras-19-768x768.png 768w, https:\/\/opnypsa.com\/wp-content\/uploads\/2026\/01\/carreteras-19-12x12.png 12w, https:\/\/opnypsa.com\/wp-content\/uploads\/2026\/01\/carreteras-19.png 1080w\" sizes=\"(max-width: 300px) 100vw, 300px\" \/><\/div>\n\t\t<\/a>\n\t\t\t\t<div class=\"elementor-post__text\">\n\t\t\t\t<h3 class=\"elementor-post__title\">\n\t\t\t<a href=\"https:\/\/opnypsa.com\/eus\/reciclaje-quimico-de-residuos-plasticos-en-euskadi\/\" >\n\t\t\t\tReciclaje qu\u00edmico de residuos pl\u00e1sticos: proyecto CHEMCYCLE y econom\u00eda circular en Euskadi\t\t\t<\/a>\n\t\t<\/h3>\n\t\t\n\t\t<a class=\"elementor-post__read-more\" href=\"https:\/\/opnypsa.com\/eus\/reciclaje-quimico-de-residuos-plasticos-en-euskadi\/\" aria-label=\"Read more about Reciclaje qu\u00edmico de residuos pl\u00e1sticos: proyecto CHEMCYCLE y econom\u00eda circular en Euskadi\" tabindex=\"-1\" >\n\t\t\tSaber m\u00e1s sobre este proyecto \u00bb\t\t<\/a>\n\n\t\t\t\t<\/div>\n\t\t\t\t<\/article>\n\t\t\t\t<article class=\"elementor-post elementor-grid-item post-999 post type-post status-publish format-standard has-post-thumbnail hentry category-proyectos\" role=\"listitem\">\n\t\t\t\t<a class=\"elementor-post__thumbnail__link\" href=\"https:\/\/opnypsa.com\/eus\/riego-asfaltico-en-la-a-3136-en-bujanda\/\" tabindex=\"-1\" >\n\t\t\t<div class=\"elementor-post__thumbnail\"><img loading=\"lazy\" decoding=\"async\" width=\"300\" height=\"300\" src=\"https:\/\/opnypsa.com\/wp-content\/uploads\/2025\/09\/carreteras-9-300x300.png\" class=\"attachment-medium size-medium wp-image-1000\" alt=\"Riego asf\u00e1ltico en la A-3136 en Bujanda\" srcset=\"https:\/\/opnypsa.com\/wp-content\/uploads\/2025\/09\/carreteras-9-300x300.png 300w, https:\/\/opnypsa.com\/wp-content\/uploads\/2025\/09\/carreteras-9-1024x1024.png 1024w, https:\/\/opnypsa.com\/wp-content\/uploads\/2025\/09\/carreteras-9-150x150.png 150w, https:\/\/opnypsa.com\/wp-content\/uploads\/2025\/09\/carreteras-9-768x768.png 768w, https:\/\/opnypsa.com\/wp-content\/uploads\/2025\/09\/carreteras-9-12x12.png 12w, https:\/\/opnypsa.com\/wp-content\/uploads\/2025\/09\/carreteras-9.png 1080w\" sizes=\"(max-width: 300px) 100vw, 300px\" \/><\/div>\n\t\t<\/a>\n\t\t\t\t<div class=\"elementor-post__text\">\n\t\t\t\t<h3 class=\"elementor-post__title\">\n\t\t\t<a href=\"https:\/\/opnypsa.com\/eus\/riego-asfaltico-en-la-a-3136-en-bujanda\/\" >\n\t\t\t\tRiego asf\u00e1ltico en la A-3136 en Bujanda (\u00c1lava): una mejora clave para la seguridad vial\t\t\t<\/a>\n\t\t<\/h3>\n\t\t\n\t\t<a class=\"elementor-post__read-more\" href=\"https:\/\/opnypsa.com\/eus\/riego-asfaltico-en-la-a-3136-en-bujanda\/\" aria-label=\"Read more about Riego asf\u00e1ltico en la A-3136 en Bujanda (\u00c1lava): una mejora clave para la seguridad vial\" tabindex=\"-1\" >\n\t\t\tSaber m\u00e1s sobre este proyecto \u00bb\t\t<\/a>\n\n\t\t\t\t<\/div>\n\t\t\t\t<\/article>\n\t\t\t\t<article class=\"elementor-post elementor-grid-item post-976 post type-post status-publish format-standard has-post-thumbnail hentry category-proyectos\" role=\"listitem\">\n\t\t\t\t<a class=\"elementor-post__thumbnail__link\" href=\"https:\/\/opnypsa.com\/eus\/mantenimiento-y-calibracion-de-basculas-para-obras\/\" tabindex=\"-1\" >\n\t\t\t<div class=\"elementor-post__thumbnail\"><img loading=\"lazy\" decoding=\"async\" width=\"300\" height=\"300\" src=\"https:\/\/opnypsa.com\/wp-content\/uploads\/2025\/07\/carreteras-8-300x300.png\" class=\"attachment-medium size-medium wp-image-977\" alt=\"Mantenimiento y calibraci\u00f3n de b\u00e1sculas en obras de carretera\" srcset=\"https:\/\/opnypsa.com\/wp-content\/uploads\/2025\/07\/carreteras-8-300x300.png 300w, https:\/\/opnypsa.com\/wp-content\/uploads\/2025\/07\/carreteras-8-1024x1024.png 1024w, https:\/\/opnypsa.com\/wp-content\/uploads\/2025\/07\/carreteras-8-150x150.png 150w, https:\/\/opnypsa.com\/wp-content\/uploads\/2025\/07\/carreteras-8-768x768.png 768w, https:\/\/opnypsa.com\/wp-content\/uploads\/2025\/07\/carreteras-8-12x12.png 12w, https:\/\/opnypsa.com\/wp-content\/uploads\/2025\/07\/carreteras-8.png 1080w\" sizes=\"(max-width: 300px) 100vw, 300px\" \/><\/div>\n\t\t<\/a>\n\t\t\t\t<div class=\"elementor-post__text\">\n\t\t\t\t<h3 class=\"elementor-post__title\">\n\t\t\t<a href=\"https:\/\/opnypsa.com\/eus\/mantenimiento-y-calibracion-de-basculas-para-obras\/\" >\n\t\t\t\tMantenimiento y calibraci\u00f3n de b\u00e1sculas para obras: garant\u00eda de precisi\u00f3n y seguridad en carreteras\t\t\t<\/a>\n\t\t<\/h3>\n\t\t\n\t\t<a class=\"elementor-post__read-more\" href=\"https:\/\/opnypsa.com\/eus\/mantenimiento-y-calibracion-de-basculas-para-obras\/\" aria-label=\"Read more about Mantenimiento y calibraci\u00f3n de b\u00e1sculas para obras: garant\u00eda de precisi\u00f3n y seguridad en carreteras\" tabindex=\"-1\" >\n\t\t\tSaber m\u00e1s sobre este proyecto \u00bb\t\t<\/a>\n\n\t\t\t\t<\/div>\n\t\t\t\t<\/article>\n\t\t\t\t<article class=\"elementor-post elementor-grid-item post-969 post type-post status-publish format-standard has-post-thumbnail hentry category-proyectos\" role=\"listitem\">\n\t\t\t\t<a class=\"elementor-post__thumbnail__link\" href=\"https:\/\/opnypsa.com\/eus\/canalizacion-pluvial-en-vitoria-gasteiz\/\" tabindex=\"-1\" >\n\t\t\t<div class=\"elementor-post__thumbnail\"><img loading=\"lazy\" decoding=\"async\" width=\"300\" height=\"300\" src=\"https:\/\/opnypsa.com\/wp-content\/uploads\/2025\/06\/carreteras-3-1-300x300.png\" class=\"attachment-medium size-medium wp-image-970\" alt=\"canalizaci\u00f3n pluvial en vitoria gasteiz\" srcset=\"https:\/\/opnypsa.com\/wp-content\/uploads\/2025\/06\/carreteras-3-1-300x300.png 300w, https:\/\/opnypsa.com\/wp-content\/uploads\/2025\/06\/carreteras-3-1-1024x1024.png 1024w, https:\/\/opnypsa.com\/wp-content\/uploads\/2025\/06\/carreteras-3-1-150x150.png 150w, https:\/\/opnypsa.com\/wp-content\/uploads\/2025\/06\/carreteras-3-1-768x768.png 768w, https:\/\/opnypsa.com\/wp-content\/uploads\/2025\/06\/carreteras-3-1-12x12.png 12w, https:\/\/opnypsa.com\/wp-content\/uploads\/2025\/06\/carreteras-3-1.png 1080w\" sizes=\"(max-width: 300px) 100vw, 300px\" \/><\/div>\n\t\t<\/a>\n\t\t\t\t<div class=\"elementor-post__text\">\n\t\t\t\t<h3 class=\"elementor-post__title\">\n\t\t\t<a href=\"https:\/\/opnypsa.com\/eus\/canalizacion-pluvial-en-vitoria-gasteiz\/\" >\n\t\t\t\tCanalizaci\u00f3n pluvial en la calle Colombia: mejora urbana entre Ecuador y San Viator\t\t\t<\/a>\n\t\t<\/h3>\n\t\t\n\t\t<a class=\"elementor-post__read-more\" href=\"https:\/\/opnypsa.com\/eus\/canalizacion-pluvial-en-vitoria-gasteiz\/\" aria-label=\"Read more about Canalizaci\u00f3n pluvial en la calle Colombia: mejora urbana entre Ecuador y San Viator\" tabindex=\"-1\" >\n\t\t\tSaber m\u00e1s sobre este proyecto \u00bb\t\t<\/a>\n\n\t\t\t\t<\/div>\n\t\t\t\t<\/article>\n\t\t\t\t<\/div>\n\t\t\n\t\t\t\t\t\t<\/div>\n\t\t\t\t<\/div>\n\t\t\t\t\t<\/div>\n\t\t<\/div>\n\t\t\t\t\t<\/div>\n\t\t<\/section>\n\t\t\t\t<\/div>","protected":false},"excerpt":{"rendered":"<p>Nuestros proyectos Aqu\u00ed te ofrecemos una muestra de lo que hacemos y algunos de los proyectos en los que hemos estado trabajando.<\/p>","protected":false},"author":1,"featured_media":0,"parent":0,"menu_order":0,"comment_status":"closed","ping_status":"closed","template":"","meta":{"footnotes":""},"class_list":["post-187","page","type-page","status-publish","hentry"],"_links":{"self":[{"href":"https:\/\/opnypsa.com\/eus\/wp-json\/wp\/v2\/pages\/187","targetHints":{"allow":["GET"]}}],"collection":[{"href":"https:\/\/opnypsa.com\/eus\/wp-json\/wp\/v2\/pages"}],"about":[{"href":"https:\/\/opnypsa.com\/eus\/wp-json\/wp\/v2\/types\/page"}],"author":[{"embeddable":true,"href":"https:\/\/opnypsa.com\/eus\/wp-json\/wp\/v2\/users\/1"}],"replies":[{"embeddable":true,"href":"https:\/\/opnypsa.com\/eus\/wp-json\/wp\/v2\/comments?post=187"}],"version-history":[{"count":34,"href":"https:\/\/opnypsa.com\/eus\/wp-json\/wp\/v2\/pages\/187\/revisions"}],"predecessor-version":[{"id":900,"href":"https:\/\/opnypsa.com\/eus\/wp-json\/wp\/v2\/pages\/187\/revisions\/900"}],"wp:attachment":[{"href":"https:\/\/opnypsa.com\/eus\/wp-json\/wp\/v2\/media?parent=187"}],"curies":[{"name":"wp","href":"https:\/\/api.w.org\/{rel}","templated":true}]}}